{"id":782,"date":"2025-03-27T22:55:09","date_gmt":"2025-03-27T22:55:09","guid":{"rendered":"https:\/\/plrfast.com\/?page_id=782"},"modified":"2026-02-21T23:02:16","modified_gmt":"2026-02-21T23:02:16","slug":"disclaimer","status":"publish","type":"page","link":"https:\/\/plr.raqmiy.com\/de\/disclaimer\/","title":{"rendered":"Haftungsausschluss"},"content":{"rendered":"<div data-elementor-type=\"wp-page\" data-elementor-id=\"782\" class=\"elementor elementor-782\" data-elementor-post-type=\"page\">\n\t\t\t\t<div class=\"elementor-element elementor-element-e7abf70 e-con-full e-flex e-con e-parent\" data-id=\"e7abf70\" data-element_type=\"container\" data-e-type=\"container\" data-settings=\"{&quot;background_background&quot;:&quot;gradient&quot;}\">\n\t\t\t\t<div class=\"elementor-element elementor-element-a66a960 elementor-widget elementor-widget-html\" data-id=\"a66a960\" data-element_type=\"widget\" data-e-type=\"widget\" data-widget_type=\"html.default\">\n\t\t\t\t<div class=\"elementor-widget-container\">\n\t\t\t\t\t<!doctype html>\r\n<html lang=\"en\">\r\n<head>\r\n  <meta charset=\"utf-8\" \/>\r\n  <meta name=\"viewport\" content=\"width=device-width, initial-scale=1\" \/>\r\n  <title>Disclaimer \u2022 PLRFast<\/title>\r\n  <meta name=\"description\" content=\"Legal disclaimer for PLRFast covering professional advice, digital product usage rights, affiliate disclosure, accuracy, limitation of liability, and external links.\" \/>\r\n  <link rel=\"preconnect\" href=\"https:\/\/fonts.googleapis.com\">\r\n  <link rel=\"preconnect\" href=\"https:\/\/fonts.gstatic.com\" crossorigin>\r\n  <link href=\"https:\/\/fonts.googleapis.com\/css2?family=Inter:wght@400;600;800&display=swap\" rel=\"stylesheet\">\r\n  <style>\r\n    :root{\r\n      --bg: #0b0b0e;\r\n      --panel: #14141a;\r\n      --text: #e8e8ef;\r\n      --muted: #b7b7c6;\r\n      --accent1: #7c5cff;\r\n      --accent2: #00d4ff;\r\n      --accent3: #ff6b6b;\r\n      --accent4: #ffd166;\r\n      --link: #7cdfff;\r\n      --border: #2a2a35;\r\n      --focus: #8af5ff;\r\n      --ring: 0 0 0 .15rem var(--focus), 0 0 0 .35rem rgba(138,245,255,.25);\r\n      --radius: 18px;\r\n      --shadow: 0 10px 30px rgba(0,0,0,.35);\r\n    }\r\n    *{box-sizing:border-box}\r\n    html,body{height:100%}\r\n    body{\r\n      margin:0; font-family:Inter, system-ui, -apple-system, Segoe UI, Roboto, Helvetica, Arial;\r\n      color:var(--text); \r\n      background:radial-gradient(1200px 600px at 80% -10%, rgba(124,92,255,.12), transparent 60%),\r\n                 radial-gradient(800px 400px at -10% 80%, rgba(0,212,255,.12), transparent 60%),\r\n                 var(--bg);\r\n      line-height:1.6;\r\n    }\r\n    a{ color:var(--link); text-decoration:underline; text-decoration-thickness:2px; text-underline-offset:3px }\r\n    a:hover{ opacity:.95 }\r\n\r\n    .wrap{ max-width:960px; margin: clamp(16px, 4vw, 48px) auto; padding: 24px }\r\n\r\n    .brand{ display:flex; align-items:center; gap:14px; margin-bottom:22px }\r\n    .logo{ width:42px; height:42px; border-radius:12px; background:\r\n        conic-gradient(from 200deg, var(--accent1), var(--accent2), var(--accent4), var(--accent1));\r\n      box-shadow: 0 8px 20px rgba(124,92,255,.35), inset 0 0 18px rgba(255,255,255,.08);\r\n    }\r\n    .brand h1{ font-size: clamp(24px, 3.1vw, 36px); margin:0; font-weight:800; letter-spacing:.2px; color:#ffffff; }\r\n\r\n    .card{ background:linear-gradient(180deg, rgba(255,255,255,.02), rgba(255,255,255,0)) , var(--panel);\r\n      border:1px solid var(--border); border-radius: var(--radius);\r\n      box-shadow: var(--shadow); overflow:hidden }\r\n    .header{ padding: 22px 24px; border-bottom:1px solid var(--border);\r\n      background: linear-gradient(90deg, rgba(124,92,255,.12), rgba(0,212,255,.12)); }\r\n    .header h2{ margin:0; font-size: clamp(20px, 2.2vw, 28px); color:#ffffff; }\r\n\r\n    .content{ padding: 26px }\r\n    .intro{ color:var(--muted); margin-top:0 }\r\n\r\n    .section{ margin: 22px 0 }\r\n    .section h3{\r\n      margin:0 0 8px; font-size: clamp(18px, 2vw, 22px); font-weight:700;\r\n      background: linear-gradient(90deg, var(--accent2), var(--accent1), var(--accent4));\r\n      -webkit-background-clip: text; background-clip: text; color: transparent;\r\n    }\r\n    .section p{ margin:0 }\r\n    .list{ padding-left: 18px; margin:10px 0 }\r\n\r\n    \/* CTA removed *\/\r\n    .cta{ display:none !important; }\r\n\r\n    \/* Footer removed *\/\r\n    .footer{ display:none !important; }\r\n\r\n  <\/style>\r\n<\/head>\r\n<body>\r\n  <main class=\"wrap\" role=\"main\">\r\n    <div class=\"brand\" aria-label=\"PLRFast brand\">\r\n      <div class=\"logo\" aria-hidden=\"true\"><\/div>\r\n      <h1>PLRFast \u2013 Haftungsausschluss<\/h1>\r\n    <\/div>\r\n\r\n    <article class=\"card\" aria-labelledby=\"disclaimer-title\">\r\n      <header class=\"header\">\r\n        <h2 id=\"disclaimer-title\">Bitte lesen Sie diesen Haftungsausschluss sorgf\u00e4ltig durch, bevor Sie unsere Website nutzen.<\/h2>\r\n      <\/header>\r\n\r\n      <div class=\"content\">\r\n        <p class=\"intro translation-block\">Durch den Zugriff auf und die Nutzung dieser Website stimmen Sie den Bedingungen dieses Haftungsausschlusses zu. Wenn Sie mit irgendeinem Teil davon nicht einverstanden sind, nutzen Sie unsere Website bitte nicht.<\/p>\r\n\r\n        <section class=\"section\" id=\"no-professional-advice\">\r\n          <h3>1. Keine professionelle Beratung<\/h3>\r\n          <p class=\"translation-block\">Die von PLRFast bereitgestellten Inhalte und Produkte dienen ausschlie\u00dflich Informations- und Bildungszwecken. Nichts auf dieser Website sollte als professionelle, rechtliche, finanzielle oder medizinische Beratung angesehen werden. Konsultieren Sie immer einen qualifizierten Experten, bevor Sie Entscheidungen auf der Grundlage der bereitgestellten Informationen treffen.<\/p>\r\n        <\/section>\r\n\r\n        <section class=\"section\" id=\"digital-product-usage\">\r\n          <h3>2. Nutzung digitaler Produkte<\/h3>\r\n          <p>F\u00fcr alle auf dieser Website verkauften digitalen Produkte gelten klar festgelegte Nutzungsrechte (z. B. Private-Label-Rechte, Weiterverkaufsrechte, pers\u00f6nliche Nutzung). Es liegt in der Verantwortung des K\u00e4ufers:<\/p>\r\n          <ul class=\"list\">\r\n            <li>Lesen und verstehen Sie die Lizenzbedingungen;<\/li>\r\n            <li>Das Produkt im Rahmen der zul\u00e4ssigen Rechte nutzen; Und<\/li>\r\n            <li>Stellen Sie sicher, dass die geltenden Gesetze eingehalten werden.<\/li>\r\n          <\/ul>\r\n          <p>Wir haften nicht f\u00fcr die Art und Weise, wie Sie die Inhalte nutzen, oder f\u00fcr die Folgen, die sich aus Missbrauch oder Verletzung der Lizenzbedingungen ergeben.<\/p>\r\n        <\/section>\r\n\r\n        <section class=\"section\" id=\"affiliate-disclaimer\">\r\n          <h3>3. Haftungsausschluss f\u00fcr Partner<\/h3>\r\n          <p>Bei einigen Links auf unserer Website handelt es sich m\u00f6glicherweise um Affiliate-Links. Das bedeutet, dass wir m\u00f6glicherweise eine Provision erhalten, wenn Sie darauf klicken und einen Kauf t\u00e4tigen \u2013 ohne dass Ihnen zus\u00e4tzliche Kosten entstehen. Wir bewerben nur Produkte, von denen wir glauben, dass sie unseren Kunden einen Mehrwert bieten.<\/p>\r\n        <\/section>\r\n\r\n        <section class=\"section\" id=\"accuracy-of-information\">\r\n          <h3>4. Genauigkeit der Informationen<\/h3>\r\n          <p>Obwohl wir bestrebt sind, den Inhalt unserer Website korrekt und aktuell zu halten, geben wir keine Gew\u00e4hrleistungen oder Garantien hinsichtlich der Vollst\u00e4ndigkeit, Richtigkeit oder Zuverl\u00e4ssigkeit der Informationen oder Produktlisten.<\/p>\r\n        <\/section>\r\n\r\n        <section class=\"section\" id=\"limitation-of-liability\">\r\n          <h3>5. Haftungsbeschr\u00e4nkung<\/h3>\r\n          <p class=\"translation-block\">Unter keinen Umst\u00e4nden haften PLRFast, seine Eigent\u00fcmer oder verbundenen Unternehmen f\u00fcr direkte, indirekte, zuf\u00e4llige oder Folgesch\u00e4den, die sich aus Ihrer Nutzung unserer Website, Produkte oder Dienstleistungen ergeben.<\/p>\r\n        <\/section>\r\n\r\n        <section class=\"section\" id=\"external-links\">\r\n          <h3>6. Externe Links<\/h3>\r\n          <p>Unsere Website kann Links zu externen Websites enthalten. Wir sind nicht verantwortlich f\u00fcr den Inhalt, die Datenschutzpraktiken oder die Richtlinien dieser Dritten<\/p>\r\n        <\/section>\r\n\r\n        <section class=\"section\" id=\"contact\">\r\n          <h3>7. Kontakt<\/h3>\r\n          <p>Wenn Sie Fragen zu diesem Haftungsausschluss haben, kontaktieren Sie uns bitte unter:<br>\r\n       \r\n            \ud83c\udf10 <a href=\"https:\/\/plr.raqmiy.com\/de\/contacts\/\" rel=\"noopener\">https:\/\/plr.raqmiy.com\/contacts\/<\/a>\r\n          <\/p>\r\n        <\/section>\r\n      <\/div>\r\n\r\n    <\/article>\r\n  <\/main>\r\n\r\n<\/body>\r\n<\/html>\r\n\t\t\t\t<\/div>\n\t\t\t\t<\/div>\n\t\t\t\t<\/div>\n\t\t\t\t<\/div>","protected":false},"excerpt":{"rendered":"<p>Disclaimer \u2022 PLRFast PLRFast \u2014 Disclaimer Please read this disclaimer carefully before using our website. By accessing and using this website, you agree to the terms of this disclaimer. If you do not agree with any part of it, please do not use our website. 1. No Professional Advice The content and products provided by [&hellip;]<\/p>\n","protected":false},"author":1,"featured_media":0,"parent":0,"menu_order":0,"comment_status":"closed","ping_status":"closed","template":"elementor_header_footer","meta":{"footnotes":""},"class_list":["post-782","page","type-page","status-publish","hentry"],"_links":{"self":[{"href":"https:\/\/plr.raqmiy.com\/de\/wp-json\/wp\/v2\/pages\/782","targetHints":{"allow":["GET"]}}],"collection":[{"href":"https:\/\/plr.raqmiy.com\/de\/wp-json\/wp\/v2\/pages"}],"about":[{"href":"https:\/\/plr.raqmiy.com\/de\/wp-json\/wp\/v2\/types\/page"}],"author":[{"embeddable":true,"href":"https:\/\/plr.raqmiy.com\/de\/wp-json\/wp\/v2\/users\/1"}],"replies":[{"embeddable":true,"href":"https:\/\/plr.raqmiy.com\/de\/wp-json\/wp\/v2\/comments?post=782"}],"version-history":[{"count":53,"href":"https:\/\/plr.raqmiy.com\/de\/wp-json\/wp\/v2\/pages\/782\/revisions"}],"predecessor-version":[{"id":18347,"href":"https:\/\/plr.raqmiy.com\/de\/wp-json\/wp\/v2\/pages\/782\/revisions\/18347"}],"wp:attachment":[{"href":"https:\/\/plr.raqmiy.com\/de\/wp-json\/wp\/v2\/media?parent=782"}],"curies":[{"name":"wp","href":"https:\/\/api.w.org\/{rel}","templated":true}]}}