{"id":3530,"date":"2025-03-28T23:06:38","date_gmt":"2025-03-28T23:06:38","guid":{"rendered":"https:\/\/plrfast.com\/?page_id=3530"},"modified":"2026-02-21T23:04:43","modified_gmt":"2026-02-21T23:04:43","slug":"refund-policy","status":"publish","type":"page","link":"https:\/\/plr.raqmiy.com\/fr\/refund-policy\/","title":{"rendered":"Politique de remboursement"},"content":{"rendered":"<div data-elementor-type=\"wp-page\" data-elementor-id=\"3530\" class=\"elementor elementor-3530\" data-elementor-post-type=\"page\">\n\t\t\t\t<div class=\"elementor-element elementor-element-c765f31 e-flex e-con-boxed e-con e-parent\" data-id=\"c765f31\" data-element_type=\"container\" data-e-type=\"container\" data-settings=\"{&quot;background_background&quot;:&quot;classic&quot;}\">\n\t\t\t\t\t<div class=\"e-con-inner\">\n\t\t\t\t<div class=\"elementor-element elementor-element-0388ef8 elementor-widget elementor-widget-html\" data-id=\"0388ef8\" data-element_type=\"widget\" data-e-type=\"widget\" data-widget_type=\"html.default\">\n\t\t\t\t<div class=\"elementor-widget-container\">\n\t\t\t\t\t<!doctype html>\r\n<html lang=\"en\">\r\n<head>\r\n  <meta charset=\"utf-8\" \/>\r\n  <meta name=\"viewport\" content=\"width=device-width, initial-scale=1\" \/>\r\n  <title>Refund Policy \u2022 PLRFast<\/title>\r\n  <meta name=\"description\" content=\"Refund policy for PLRFast digital products with Private Label Rights.\" \/>\r\n  <link rel=\"preconnect\" href=\"https:\/\/fonts.googleapis.com\">\r\n  <link rel=\"preconnect\" href=\"https:\/\/fonts.gstatic.com\" crossorigin>\r\n  <link href=\"https:\/\/fonts.googleapis.com\/css2?family=Inter:wght@400;600;800&display=swap\" rel=\"stylesheet\">\r\n  <style>\r\n    :root{\r\n      --bg: #0b0b0e;\r\n      --panel: #14141a;\r\n      --text: #e8e8ef;\r\n      --muted: #b7b7c6;\r\n      --accent1: #7c5cff;\r\n      --accent2: #00d4ff;\r\n      --accent3: #ff6b6b;\r\n      --accent4: #ffd166;\r\n      --link: #7cdfff;\r\n      --border: #2a2a35;\r\n      --focus: #8af5ff;\r\n      --ring: 0 0 0 .15rem var(--focus), 0 0 0 .35rem rgba(138,245,255,.25);\r\n      --radius: 18px;\r\n      --shadow: 0 10px 30px rgba(0,0,0,.35);\r\n    }\r\n    *{box-sizing:border-box}\r\n    body{margin:0; font-family:Inter, system-ui; color:var(--text); background:var(--bg); line-height:1.6;}\r\n    a{color:var(--link)}\r\n    .wrap{max-width:960px; margin: clamp(16px,4vw,48px) auto; padding:24px}\r\n    .brand{display:flex; align-items:center; gap:14px; margin-bottom:22px}\r\n    .logo{width:42px;height:42px;border-radius:12px;background:\r\n      conic-gradient(from 200deg, var(--accent1), var(--accent2), var(--accent4), var(--accent1));}\r\n    .brand h1{font-size:clamp(24px,3.1vw,36px); margin:0; font-weight:800; color:#fff}\r\n    .card{background:var(--panel); border:1px solid var(--border); border-radius:var(--radius); box-shadow:var(--shadow)}\r\n    .header{padding:22px 24px; border-bottom:1px solid var(--border); background:linear-gradient(90deg, rgba(124,92,255,.12), rgba(0,212,255,.12))}\r\n    .header h2{margin:0; font-size:clamp(20px,2.2vw,28px); color:#fff}\r\n    .content{padding:26px}\r\n    .section{margin:22px 0}\r\n    .section h3{margin:0 0 8px; font-size:clamp(18px,2vw,22px); font-weight:700; background:linear-gradient(90deg,var(--accent2),var(--accent1),var(--accent4));-webkit-background-clip:text;background-clip:text;color:transparent}\r\n    .section p{margin:0}\r\n    .list{padding-left:18px; margin:10px 0}\r\n    \/* .cta y .footer eliminados visualmente, pero si quieres puedes borrar estas clases *\/\r\n  <\/style>\r\n<\/head>\r\n<body>\r\n  <main class=\"wrap\">\r\n    <div class=\"brand\">\r\n      <div class=\"logo\"><\/div>\r\n      <h1>Politique de remboursement<\/h1>\r\n    <\/div>\r\n\r\n    <article class=\"card\">\r\n      <header class=\"header\">\r\n        <h2>Politique de remboursement<\/h2>\r\n      <\/header>\r\n      <div class=\"content\">\r\n        <p><strong><br>\r\n        <strong><\/strong> <\/p>\r\n\r\n        <p class=\"translation-block\">Chez PLR Fast, nous sommes sp\u00e9cialis\u00e9s dans la vente de produits num\u00e9riques avec droits de marque priv\u00e9e (PLR). En raison de la nature du contenu num\u00e9rique, toutes les ventes sont consid\u00e9r\u00e9es comme d\u00e9finitives et non remboursables.<\/p>\r\n\r\n        <section class=\"section\">\r\n          <h3>1. Aucun remboursement sur les produits num\u00e9riques<\/h3>\r\n          <p>Une fois qu'un produit num\u00e9rique est achet\u00e9 et livr\u00e9, nous ne pouvons pas proposer de remboursement, d'\u00e9change ou d'annulation, car vous avez imm\u00e9diatement acc\u00e8s aux fichiers t\u00e9l\u00e9chargeables et aux droits associ\u00e9s au produit.<\/p>\r\n          <p>Veuillez lire attentivement les descriptions des produits et nous contacter si vous avez des questions avant d'acheter.<\/p>\r\n        <\/section>\r\n\r\n        <section class=\"section\">\r\n          <h3>2. Exceptions<\/h3>\r\n          <p>Les remboursements ne peuvent \u00eatre envisag\u00e9s que dans les conditions suivantes :<\/p>\r\n          <ul class=\"list\">\r\n            <li>Vous avez achet\u00e9 le m\u00eame produit plusieurs fois par erreur<\/li>\r\n            <li>Le fichier est corrompu et ne peut pas \u00eatre ouvert ou t\u00e9l\u00e9charg\u00e9, et nous ne sommes pas en mesure de fournir une copie de travail<\/li>\r\n            <li>Vous n'avez pas eu acc\u00e8s au produit apr\u00e8s l'achat (et le support n'a pas r\u00e9solu le probl\u00e8me dans les 72 heures)<\/li>\r\n          <\/ul>\r\n          <p>In these cases, please contact us at <a href=\"mailto:info@plrfast.com\"><\/a> within 7 days of your purchase, including:<\/p>\r\n          <ul class=\"list\">\r\n            <li>Votre num\u00e9ro de commande<\/li>\r\n            <li>Une explication d\u00e9taill\u00e9e du probl\u00e8me<\/li>\r\n            <li>Une capture d'\u00e9cran ou une preuve pertinente (le cas \u00e9ch\u00e9ant)<\/li>\r\n          <\/ul>\r\n        <\/section>\r\n\r\n        <section class=\"section\">\r\n          <h3>3. Paiements non autoris\u00e9s<\/h3>\r\n          <p>Si vous remarquez un d\u00e9bit que vous n'avez pas autoris\u00e9, contactez-nous imm\u00e9diatement. Nous enqu\u00eaterons et prendrons les mesures appropri\u00e9es.<\/p>\r\n        <\/section>\r\n\r\n        <section class=\"section\">\r\n          <h3>4. R\u00e9trofacturations<\/h3>\r\n          <p>D\u00e9poser une r\u00e9trofacturation sans contacter au pr\u00e9alable notre \u00e9quipe d'assistance constitue une violation de cette politique de remboursement et peut entra\u00eener une perte d'acc\u00e8s \u00e0 vos achats et \u00e0 votre compte.<\/p>\r\n          <p>We encourage you to contact us at <a href=\"mailto:info@plrfast.com\"><\/a> for any billing-related concerns.<\/p>\r\n        <\/section>\r\n\r\n        <section class=\"section\">\r\n          <h3>5. Contactez-nous<\/h3>\r\n          <p>Pour toute question ou pr\u00e9occupation concernant cette politique, veuillez contacter\u00a0:<\/p>\r\n    \r\n       \ud83c\udf10 <a href=\"https:\/\/plr.raqmiy.com\/fr\/contacts\/\" rel=\"noopener\">https:\/\/plr.raqmiy.com\/contacts<\/a>\r\n        <\/section>\r\n      <\/div>\r\n      <!-- CTA y footer eliminados -->\r\n    <\/article>\r\n  <\/main>\r\n<\/body>\r\n<\/html>\r\n\t\t\t\t<\/div>\n\t\t\t\t<\/div>\n\t\t\t\t\t<\/div>\n\t\t\t\t<\/div>\n\t\t\t\t<\/div>","protected":false},"excerpt":{"rendered":"<p>Refund Policy \u2022 PLRFast PLRFast \u2014 Refund Policy Refund Policy for PLR Fast At PLR Fast, we specialize in selling digital products with Private Label Rights (PLR). Due to the nature of digital content, all sales are considered final and non-refundable. 1. No Refunds on Digital Products Once a digital product is purchased and delivered, [&hellip;]<\/p>\n","protected":false},"author":1,"featured_media":0,"parent":0,"menu_order":0,"comment_status":"closed","ping_status":"closed","template":"elementor_header_footer","meta":{"footnotes":""},"class_list":["post-3530","page","type-page","status-publish","hentry"],"_links":{"self":[{"href":"https:\/\/plr.raqmiy.com\/fr\/wp-json\/wp\/v2\/pages\/3530","targetHints":{"allow":["GET"]}}],"collection":[{"href":"https:\/\/plr.raqmiy.com\/fr\/wp-json\/wp\/v2\/pages"}],"about":[{"href":"https:\/\/plr.raqmiy.com\/fr\/wp-json\/wp\/v2\/types\/page"}],"author":[{"embeddable":true,"href":"https:\/\/plr.raqmiy.com\/fr\/wp-json\/wp\/v2\/users\/1"}],"replies":[{"embeddable":true,"href":"https:\/\/plr.raqmiy.com\/fr\/wp-json\/wp\/v2\/comments?post=3530"}],"version-history":[{"count":25,"href":"https:\/\/plr.raqmiy.com\/fr\/wp-json\/wp\/v2\/pages\/3530\/revisions"}],"predecessor-version":[{"id":18350,"href":"https:\/\/plr.raqmiy.com\/fr\/wp-json\/wp\/v2\/pages\/3530\/revisions\/18350"}],"wp:attachment":[{"href":"https:\/\/plr.raqmiy.com\/fr\/wp-json\/wp\/v2\/media?parent=3530"}],"curies":[{"name":"wp","href":"https:\/\/api.w.org\/{rel}","templated":true}]}}