{"id":782,"date":"2025-03-27T22:55:09","date_gmt":"2025-03-27T22:55:09","guid":{"rendered":"https:\/\/plrfast.com\/?page_id=782"},"modified":"2026-02-21T23:02:16","modified_gmt":"2026-02-21T23:02:16","slug":"disclaimer","status":"publish","type":"page","link":"https:\/\/plr.raqmiy.com\/fr\/disclaimer\/","title":{"rendered":"Clause de non-responsabilit\u00e9"},"content":{"rendered":"<div data-elementor-type=\"wp-page\" data-elementor-id=\"782\" class=\"elementor elementor-782\" data-elementor-post-type=\"page\">\n\t\t\t\t<div class=\"elementor-element elementor-element-e7abf70 e-con-full e-flex e-con e-parent\" data-id=\"e7abf70\" data-element_type=\"container\" data-e-type=\"container\" data-settings=\"{&quot;background_background&quot;:&quot;gradient&quot;}\">\n\t\t\t\t<div class=\"elementor-element elementor-element-a66a960 elementor-widget elementor-widget-html\" data-id=\"a66a960\" data-element_type=\"widget\" data-e-type=\"widget\" data-widget_type=\"html.default\">\n\t\t\t\t<div class=\"elementor-widget-container\">\n\t\t\t\t\t<!doctype html>\r\n<html lang=\"en\">\r\n<head>\r\n  <meta charset=\"utf-8\" \/>\r\n  <meta name=\"viewport\" content=\"width=device-width, initial-scale=1\" \/>\r\n  <title>Disclaimer \u2022 PLRFast<\/title>\r\n  <meta name=\"description\" content=\"Legal disclaimer for PLRFast covering professional advice, digital product usage rights, affiliate disclosure, accuracy, limitation of liability, and external links.\" \/>\r\n  <link rel=\"preconnect\" href=\"https:\/\/fonts.googleapis.com\">\r\n  <link rel=\"preconnect\" href=\"https:\/\/fonts.gstatic.com\" crossorigin>\r\n  <link href=\"https:\/\/fonts.googleapis.com\/css2?family=Inter:wght@400;600;800&display=swap\" rel=\"stylesheet\">\r\n  <style>\r\n    :root{\r\n      --bg: #0b0b0e;\r\n      --panel: #14141a;\r\n      --text: #e8e8ef;\r\n      --muted: #b7b7c6;\r\n      --accent1: #7c5cff;\r\n      --accent2: #00d4ff;\r\n      --accent3: #ff6b6b;\r\n      --accent4: #ffd166;\r\n      --link: #7cdfff;\r\n      --border: #2a2a35;\r\n      --focus: #8af5ff;\r\n      --ring: 0 0 0 .15rem var(--focus), 0 0 0 .35rem rgba(138,245,255,.25);\r\n      --radius: 18px;\r\n      --shadow: 0 10px 30px rgba(0,0,0,.35);\r\n    }\r\n    *{box-sizing:border-box}\r\n    html,body{height:100%}\r\n    body{\r\n      margin:0; font-family:Inter, system-ui, -apple-system, Segoe UI, Roboto, Helvetica, Arial;\r\n      color:var(--text); \r\n      background:radial-gradient(1200px 600px at 80% -10%, rgba(124,92,255,.12), transparent 60%),\r\n                 radial-gradient(800px 400px at -10% 80%, rgba(0,212,255,.12), transparent 60%),\r\n                 var(--bg);\r\n      line-height:1.6;\r\n    }\r\n    a{ color:var(--link); text-decoration:underline; text-decoration-thickness:2px; text-underline-offset:3px }\r\n    a:hover{ opacity:.95 }\r\n\r\n    .wrap{ max-width:960px; margin: clamp(16px, 4vw, 48px) auto; padding: 24px }\r\n\r\n    .brand{ display:flex; align-items:center; gap:14px; margin-bottom:22px }\r\n    .logo{ width:42px; height:42px; border-radius:12px; background:\r\n        conic-gradient(from 200deg, var(--accent1), var(--accent2), var(--accent4), var(--accent1));\r\n      box-shadow: 0 8px 20px rgba(124,92,255,.35), inset 0 0 18px rgba(255,255,255,.08);\r\n    }\r\n    .brand h1{ font-size: clamp(24px, 3.1vw, 36px); margin:0; font-weight:800; letter-spacing:.2px; color:#ffffff; }\r\n\r\n    .card{ background:linear-gradient(180deg, rgba(255,255,255,.02), rgba(255,255,255,0)) , var(--panel);\r\n      border:1px solid var(--border); border-radius: var(--radius);\r\n      box-shadow: var(--shadow); overflow:hidden }\r\n    .header{ padding: 22px 24px; border-bottom:1px solid var(--border);\r\n      background: linear-gradient(90deg, rgba(124,92,255,.12), rgba(0,212,255,.12)); }\r\n    .header h2{ margin:0; font-size: clamp(20px, 2.2vw, 28px); color:#ffffff; }\r\n\r\n    .content{ padding: 26px }\r\n    .intro{ color:var(--muted); margin-top:0 }\r\n\r\n    .section{ margin: 22px 0 }\r\n    .section h3{\r\n      margin:0 0 8px; font-size: clamp(18px, 2vw, 22px); font-weight:700;\r\n      background: linear-gradient(90deg, var(--accent2), var(--accent1), var(--accent4));\r\n      -webkit-background-clip: text; background-clip: text; color: transparent;\r\n    }\r\n    .section p{ margin:0 }\r\n    .list{ padding-left: 18px; margin:10px 0 }\r\n\r\n    \/* CTA removed *\/\r\n    .cta{ display:none !important; }\r\n\r\n    \/* Footer removed *\/\r\n    .footer{ display:none !important; }\r\n\r\n  <\/style>\r\n<\/head>\r\n<body>\r\n  <main class=\"wrap\" role=\"main\">\r\n    <div class=\"brand\" aria-label=\"PLRFast brand\">\r\n      <div class=\"logo\" aria-hidden=\"true\"><\/div>\r\n      <h1>PLRFast \u2014 Avis de non-responsabilit\u00e9<\/h1>\r\n    <\/div>\r\n\r\n    <article class=\"card\" aria-labelledby=\"disclaimer-title\">\r\n      <header class=\"header\">\r\n        <h2 id=\"disclaimer-title\">Veuillez lire attentivement cette clause de non-responsabilit\u00e9 avant d'utiliser notre site Web.<\/h2>\r\n      <\/header>\r\n\r\n      <div class=\"content\">\r\n        <p class=\"intro translation-block\">En acc\u00e9dant et en utilisant ce site Web, vous acceptez les termes de cette clause de non-responsabilit\u00e9. Si vous n\u2019\u00eates pas d\u2019accord avec une partie de celui-ci, veuillez ne pas utiliser notre site Web.<\/p>\r\n\r\n        <section class=\"section\" id=\"no-professional-advice\">\r\n          <h3>1. Aucun conseil professionnel<\/h3>\r\n          <p class=\"translation-block\">Le contenu et les produits fournis par PLRFast sont uniquement \u00e0 des fins informatives et \u00e9ducatives. Rien sur ce site Web ne doit \u00eatre consid\u00e9r\u00e9 comme un conseil professionnel, juridique, financier ou m\u00e9dical. Consultez toujours un expert qualifi\u00e9 avant de prendre des d\u00e9cisions bas\u00e9es sur les informations fournies.<\/p>\r\n        <\/section>\r\n\r\n        <section class=\"section\" id=\"digital-product-usage\">\r\n          <h3>2. Utilisation des produits num\u00e9riques<\/h3>\r\n          <p>Tous les produits num\u00e9riques vendus sur ce site Web sont assortis de droits d'utilisation clairement \u00e9nonc\u00e9s (par exemple, droits de marque priv\u00e9e, droits de revente, utilisation personnelle). Il est de la responsabilit\u00e9 de l\u2019acheteur de :<\/p>\r\n          <ul class=\"list\">\r\n            <li>Lire et comprendre les termes de la licence\u00a0;<\/li>\r\n            <li>Utiliser le produit dans le cadre des droits autoris\u00e9s\u00a0; et<\/li>\r\n            <li>Veiller au respect des lois applicables.<\/li>\r\n          <\/ul>\r\n          <p>Nous ne sommes pas responsables de la fa\u00e7on dont vous utilisez le contenu ou des cons\u00e9quences r\u00e9sultant d'une mauvaise utilisation ou d'une violation des termes de la licence.<\/p>\r\n        <\/section>\r\n\r\n        <section class=\"section\" id=\"affiliate-disclaimer\">\r\n          <h3>3. Avertissement d'affiliation<\/h3>\r\n          <p>Certains liens sur notre site Web peuvent \u00eatre des liens d'affiliation, ce qui signifie que nous pouvons gagner une commission si vous cliquez et effectuez un achat, sans frais suppl\u00e9mentaires pour vous. Nous promouvons uniquement les produits qui, selon nous, offrent de la valeur \u00e0 nos clients.<\/p>\r\n        <\/section>\r\n\r\n        <section class=\"section\" id=\"accuracy-of-information\">\r\n          <h3>4. Exactitude des informations<\/h3>\r\n          <p>Bien que nous nous efforcions de maintenir le contenu de notre site Web exact et \u00e0 jour, nous n'offrons aucune garantie concernant l'exhaustivit\u00e9, l'exactitude ou la fiabilit\u00e9 de toute information ou liste de produits.<\/p>\r\n        <\/section>\r\n\r\n        <section class=\"section\" id=\"limitation-of-liability\">\r\n          <h3>5. Limitation de responsabilit\u00e9<\/h3>\r\n          <p class=\"translation-block\">En aucun cas PLRFast, ses propri\u00e9taires ou ses soci\u00e9t\u00e9s affili\u00e9es ne pourront \u00eatre tenus responsables de tout dommage direct, indirect, accidentel ou cons\u00e9cutif r\u00e9sultant de votre utilisation de notre site Web, de nos produits ou de nos services.<\/p>\r\n        <\/section>\r\n\r\n        <section class=\"section\" id=\"external-links\">\r\n          <h3>6. Liens externes<\/h3>\r\n          <p>Notre site Web peut contenir des liens vers des sites Web externes. Nous ne sommes pas responsables du contenu, des pratiques de confidentialit\u00e9 ou des politiques de ces tiers.<\/p>\r\n        <\/section>\r\n\r\n        <section class=\"section\" id=\"contact\">\r\n          <h3>7. Contacter<\/h3>\r\n          <p>Si vous avez des questions concernant cette clause de non-responsabilit\u00e9, veuillez nous contacter \u00e0\u00a0:<br>\r\n       \r\n            \ud83c\udf10 <a href=\"https:\/\/plr.raqmiy.com\/fr\/contacts\/\" rel=\"noopener\">https:\/\/plr.raqmiy.com\/contacts\/<\/a>\r\n          <\/p>\r\n        <\/section>\r\n      <\/div>\r\n\r\n    <\/article>\r\n  <\/main>\r\n\r\n<\/body>\r\n<\/html>\r\n\t\t\t\t<\/div>\n\t\t\t\t<\/div>\n\t\t\t\t<\/div>\n\t\t\t\t<\/div>","protected":false},"excerpt":{"rendered":"<p>Disclaimer \u2022 PLRFast PLRFast \u2014 Disclaimer Please read this disclaimer carefully before using our website. By accessing and using this website, you agree to the terms of this disclaimer. If you do not agree with any part of it, please do not use our website. 1. No Professional Advice The content and products provided by [&hellip;]<\/p>\n","protected":false},"author":1,"featured_media":0,"parent":0,"menu_order":0,"comment_status":"closed","ping_status":"closed","template":"elementor_header_footer","meta":{"footnotes":""},"class_list":["post-782","page","type-page","status-publish","hentry"],"_links":{"self":[{"href":"https:\/\/plr.raqmiy.com\/fr\/wp-json\/wp\/v2\/pages\/782","targetHints":{"allow":["GET"]}}],"collection":[{"href":"https:\/\/plr.raqmiy.com\/fr\/wp-json\/wp\/v2\/pages"}],"about":[{"href":"https:\/\/plr.raqmiy.com\/fr\/wp-json\/wp\/v2\/types\/page"}],"author":[{"embeddable":true,"href":"https:\/\/plr.raqmiy.com\/fr\/wp-json\/wp\/v2\/users\/1"}],"replies":[{"embeddable":true,"href":"https:\/\/plr.raqmiy.com\/fr\/wp-json\/wp\/v2\/comments?post=782"}],"version-history":[{"count":53,"href":"https:\/\/plr.raqmiy.com\/fr\/wp-json\/wp\/v2\/pages\/782\/revisions"}],"predecessor-version":[{"id":18347,"href":"https:\/\/plr.raqmiy.com\/fr\/wp-json\/wp\/v2\/pages\/782\/revisions\/18347"}],"wp:attachment":[{"href":"https:\/\/plr.raqmiy.com\/fr\/wp-json\/wp\/v2\/media?parent=782"}],"curies":[{"name":"wp","href":"https:\/\/api.w.org\/{rel}","templated":true}]}}