{"id":3530,"date":"2025-03-28T23:06:38","date_gmt":"2025-03-28T23:06:38","guid":{"rendered":"https:\/\/plrfast.com\/?page_id=3530"},"modified":"2026-02-21T23:04:43","modified_gmt":"2026-02-21T23:04:43","slug":"refund-policy","status":"publish","type":"page","link":"https:\/\/plr.raqmiy.com\/pt\/refund-policy\/","title":{"rendered":"Pol\u00edtica de Reembolso"},"content":{"rendered":"<div data-elementor-type=\"wp-page\" data-elementor-id=\"3530\" class=\"elementor elementor-3530\" data-elementor-post-type=\"page\">\n\t\t\t\t<div class=\"elementor-element elementor-element-c765f31 e-flex e-con-boxed e-con e-parent\" data-id=\"c765f31\" data-element_type=\"container\" data-e-type=\"container\" data-settings=\"{&quot;background_background&quot;:&quot;classic&quot;}\">\n\t\t\t\t\t<div class=\"e-con-inner\">\n\t\t\t\t<div class=\"elementor-element elementor-element-0388ef8 elementor-widget elementor-widget-html\" data-id=\"0388ef8\" data-element_type=\"widget\" data-e-type=\"widget\" data-widget_type=\"html.default\">\n\t\t\t\t<div class=\"elementor-widget-container\">\n\t\t\t\t\t<!doctype html>\r\n<html lang=\"en\">\r\n<head>\r\n  <meta charset=\"utf-8\" \/>\r\n  <meta name=\"viewport\" content=\"width=device-width, initial-scale=1\" \/>\r\n  <title>Refund Policy \u2022 PLRFast<\/title>\r\n  <meta name=\"description\" content=\"Refund policy for PLRFast digital products with Private Label Rights.\" \/>\r\n  <link rel=\"preconnect\" href=\"https:\/\/fonts.googleapis.com\">\r\n  <link rel=\"preconnect\" href=\"https:\/\/fonts.gstatic.com\" crossorigin>\r\n  <link href=\"https:\/\/fonts.googleapis.com\/css2?family=Inter:wght@400;600;800&display=swap\" rel=\"stylesheet\">\r\n  <style>\r\n    :root{\r\n      --bg: #0b0b0e;\r\n      --panel: #14141a;\r\n      --text: #e8e8ef;\r\n      --muted: #b7b7c6;\r\n      --accent1: #7c5cff;\r\n      --accent2: #00d4ff;\r\n      --accent3: #ff6b6b;\r\n      --accent4: #ffd166;\r\n      --link: #7cdfff;\r\n      --border: #2a2a35;\r\n      --focus: #8af5ff;\r\n      --ring: 0 0 0 .15rem var(--focus), 0 0 0 .35rem rgba(138,245,255,.25);\r\n      --radius: 18px;\r\n      --shadow: 0 10px 30px rgba(0,0,0,.35);\r\n    }\r\n    *{box-sizing:border-box}\r\n    body{margin:0; font-family:Inter, system-ui; color:var(--text); background:var(--bg); line-height:1.6;}\r\n    a{color:var(--link)}\r\n    .wrap{max-width:960px; margin: clamp(16px,4vw,48px) auto; padding:24px}\r\n    .brand{display:flex; align-items:center; gap:14px; margin-bottom:22px}\r\n    .logo{width:42px;height:42px;border-radius:12px;background:\r\n      conic-gradient(from 200deg, var(--accent1), var(--accent2), var(--accent4), var(--accent1));}\r\n    .brand h1{font-size:clamp(24px,3.1vw,36px); margin:0; font-weight:800; color:#fff}\r\n    .card{background:var(--panel); border:1px solid var(--border); border-radius:var(--radius); box-shadow:var(--shadow)}\r\n    .header{padding:22px 24px; border-bottom:1px solid var(--border); background:linear-gradient(90deg, rgba(124,92,255,.12), rgba(0,212,255,.12))}\r\n    .header h2{margin:0; font-size:clamp(20px,2.2vw,28px); color:#fff}\r\n    .content{padding:26px}\r\n    .section{margin:22px 0}\r\n    .section h3{margin:0 0 8px; font-size:clamp(18px,2vw,22px); font-weight:700; background:linear-gradient(90deg,var(--accent2),var(--accent1),var(--accent4));-webkit-background-clip:text;background-clip:text;color:transparent}\r\n    .section p{margin:0}\r\n    .list{padding-left:18px; margin:10px 0}\r\n    \/* .cta y .footer eliminados visualmente, pero si quieres puedes borrar estas clases *\/\r\n  <\/style>\r\n<\/head>\r\n<body>\r\n  <main class=\"wrap\">\r\n    <div class=\"brand\">\r\n      <div class=\"logo\"><\/div>\r\n      <h1>Pol\u00edtica de Reembolso<\/h1>\r\n    <\/div>\r\n\r\n    <article class=\"card\">\r\n      <header class=\"header\">\r\n        <h2>Pol\u00edtica de Reembolso<\/h2>\r\n      <\/header>\r\n      <div class=\"content\">\r\n        <p><strong><br>\r\n        <strong><\/strong> <\/p>\r\n\r\n        <p class=\"translation-block\">Na PLR Fast, nos especializamos na venda de produtos digitais com Private Label Rights (PLR). Devido \u00e0 natureza do conte\u00fado digital, todas as vendas s\u00e3o consideradas finais e n\u00e3o reembols\u00e1veis.<\/p>\r\n\r\n        <section class=\"section\">\r\n          <h3>1. Nenhum reembolso em produtos digitais<\/h3>\r\n          <p>Depois que um produto digital \u00e9 adquirido e entregue, n\u00e3o podemos oferecer reembolsos, trocas ou cancelamentos, pois voc\u00ea obt\u00e9m acesso imediato aos arquivos para download e aos direitos associados ao produto.<\/p>\r\n          <p>Leia atentamente as descri\u00e7\u00f5es dos produtos e entre em contato conosco se tiver alguma d\u00favida antes de comprar.<\/p>\r\n        <\/section>\r\n\r\n        <section class=\"section\">\r\n          <h3>2. Exce\u00e7\u00f5es<\/h3>\r\n          <p>Os reembolsos s\u00f3 poder\u00e3o ser considerados nas seguintes condi\u00e7\u00f5es:<\/p>\r\n          <ul class=\"list\">\r\n            <li>Voc\u00ea comprou o mesmo produto v\u00e1rias vezes por engano<\/li>\r\n            <li>O arquivo est\u00e1 corrompido e n\u00e3o pode ser aberto ou baixado, e n\u00e3o podemos fornecer uma c\u00f3pia de trabalho<\/li>\r\n            <li>Voc\u00ea n\u00e3o recebeu acesso ao produto ap\u00f3s a compra (e o suporte n\u00e3o resolveu o problema em 72 horas)<\/li>\r\n          <\/ul>\r\n          <p>In these cases, please contact us at <a href=\"mailto:info@plrfast.com\"><\/a> within 7 days of your purchase, including:<\/p>\r\n          <ul class=\"list\">\r\n            <li>Seu n\u00famero de pedido<\/li>\r\n            <li>Uma explica\u00e7\u00e3o detalhada do problema<\/li>\r\n            <li>Uma captura de tela ou evid\u00eancia relevante (se aplic\u00e1vel)<\/li>\r\n          <\/ul>\r\n        <\/section>\r\n\r\n        <section class=\"section\">\r\n          <h3>3. Pagamentos n\u00e3o autorizados<\/h3>\r\n          <p>Se voc\u00ea notar uma cobran\u00e7a que n\u00e3o autorizou, entre em contato conosco imediatamente. Iremos investigar e tomar as medidas apropriadas.<\/p>\r\n        <\/section>\r\n\r\n        <section class=\"section\">\r\n          <h3>4. Estornos<\/h3>\r\n          <p>Solicitar um estorno sem entrar em contato com nossa equipe de suporte primeiro \u00e9 uma viola\u00e7\u00e3o desta Pol\u00edtica de Reembolso e pode resultar na perda de acesso \u00e0s suas compras e \u00e0 sua conta.<\/p>\r\n          <p>We encourage you to contact us at <a href=\"mailto:info@plrfast.com\"><\/a> for any billing-related concerns.<\/p>\r\n        <\/section>\r\n\r\n        <section class=\"section\">\r\n          <h3>5. Contate-nos<\/h3>\r\n          <p>Para qualquer d\u00favida ou preocupa\u00e7\u00e3o em rela\u00e7\u00e3o a esta pol\u00edtica, entre em contato com:<\/p>\r\n    \r\n       \ud83c\udf10 <a href=\"https:\/\/plr.raqmiy.com\/pt\/contacts\/\" rel=\"noopener\">https:\/\/plr.raqmiy.com\/contacts<\/a>\r\n        <\/section>\r\n      <\/div>\r\n      <!-- CTA y footer eliminados -->\r\n    <\/article>\r\n  <\/main>\r\n<\/body>\r\n<\/html>\r\n\t\t\t\t<\/div>\n\t\t\t\t<\/div>\n\t\t\t\t\t<\/div>\n\t\t\t\t<\/div>\n\t\t\t\t<\/div>","protected":false},"excerpt":{"rendered":"<p>Refund Policy \u2022 PLRFast PLRFast \u2014 Refund Policy Refund Policy for PLR Fast At PLR Fast, we specialize in selling digital products with Private Label Rights (PLR). Due to the nature of digital content, all sales are considered final and non-refundable. 1. No Refunds on Digital Products Once a digital product is purchased and delivered, [&hellip;]<\/p>\n","protected":false},"author":1,"featured_media":0,"parent":0,"menu_order":0,"comment_status":"closed","ping_status":"closed","template":"elementor_header_footer","meta":{"footnotes":""},"class_list":["post-3530","page","type-page","status-publish","hentry"],"_links":{"self":[{"href":"https:\/\/plr.raqmiy.com\/pt\/wp-json\/wp\/v2\/pages\/3530","targetHints":{"allow":["GET"]}}],"collection":[{"href":"https:\/\/plr.raqmiy.com\/pt\/wp-json\/wp\/v2\/pages"}],"about":[{"href":"https:\/\/plr.raqmiy.com\/pt\/wp-json\/wp\/v2\/types\/page"}],"author":[{"embeddable":true,"href":"https:\/\/plr.raqmiy.com\/pt\/wp-json\/wp\/v2\/users\/1"}],"replies":[{"embeddable":true,"href":"https:\/\/plr.raqmiy.com\/pt\/wp-json\/wp\/v2\/comments?post=3530"}],"version-history":[{"count":25,"href":"https:\/\/plr.raqmiy.com\/pt\/wp-json\/wp\/v2\/pages\/3530\/revisions"}],"predecessor-version":[{"id":18350,"href":"https:\/\/plr.raqmiy.com\/pt\/wp-json\/wp\/v2\/pages\/3530\/revisions\/18350"}],"wp:attachment":[{"href":"https:\/\/plr.raqmiy.com\/pt\/wp-json\/wp\/v2\/media?parent=3530"}],"curies":[{"name":"wp","href":"https:\/\/api.w.org\/{rel}","templated":true}]}}