{"id":782,"date":"2025-03-27T22:55:09","date_gmt":"2025-03-27T22:55:09","guid":{"rendered":"https:\/\/plrfast.com\/?page_id=782"},"modified":"2026-02-21T23:02:16","modified_gmt":"2026-02-21T23:02:16","slug":"disclaimer","status":"publish","type":"page","link":"https:\/\/plr.raqmiy.com\/pt\/disclaimer\/","title":{"rendered":"Isen\u00e7\u00e3o de responsabilidade"},"content":{"rendered":"<div data-elementor-type=\"wp-page\" data-elementor-id=\"782\" class=\"elementor elementor-782\" data-elementor-post-type=\"page\">\n\t\t\t\t<div class=\"elementor-element elementor-element-e7abf70 e-con-full e-flex e-con e-parent\" data-id=\"e7abf70\" data-element_type=\"container\" data-e-type=\"container\" data-settings=\"{&quot;background_background&quot;:&quot;gradient&quot;}\">\n\t\t\t\t<div class=\"elementor-element elementor-element-a66a960 elementor-widget elementor-widget-html\" data-id=\"a66a960\" data-element_type=\"widget\" data-e-type=\"widget\" data-widget_type=\"html.default\">\n\t\t\t\t<div class=\"elementor-widget-container\">\n\t\t\t\t\t<!doctype html>\r\n<html lang=\"en\">\r\n<head>\r\n  <meta charset=\"utf-8\" \/>\r\n  <meta name=\"viewport\" content=\"width=device-width, initial-scale=1\" \/>\r\n  <title>Disclaimer \u2022 PLRFast<\/title>\r\n  <meta name=\"description\" content=\"Legal disclaimer for PLRFast covering professional advice, digital product usage rights, affiliate disclosure, accuracy, limitation of liability, and external links.\" \/>\r\n  <link rel=\"preconnect\" href=\"https:\/\/fonts.googleapis.com\">\r\n  <link rel=\"preconnect\" href=\"https:\/\/fonts.gstatic.com\" crossorigin>\r\n  <link href=\"https:\/\/fonts.googleapis.com\/css2?family=Inter:wght@400;600;800&display=swap\" rel=\"stylesheet\">\r\n  <style>\r\n    :root{\r\n      --bg: #0b0b0e;\r\n      --panel: #14141a;\r\n      --text: #e8e8ef;\r\n      --muted: #b7b7c6;\r\n      --accent1: #7c5cff;\r\n      --accent2: #00d4ff;\r\n      --accent3: #ff6b6b;\r\n      --accent4: #ffd166;\r\n      --link: #7cdfff;\r\n      --border: #2a2a35;\r\n      --focus: #8af5ff;\r\n      --ring: 0 0 0 .15rem var(--focus), 0 0 0 .35rem rgba(138,245,255,.25);\r\n      --radius: 18px;\r\n      --shadow: 0 10px 30px rgba(0,0,0,.35);\r\n    }\r\n    *{box-sizing:border-box}\r\n    html,body{height:100%}\r\n    body{\r\n      margin:0; font-family:Inter, system-ui, -apple-system, Segoe UI, Roboto, Helvetica, Arial;\r\n      color:var(--text); \r\n      background:radial-gradient(1200px 600px at 80% -10%, rgba(124,92,255,.12), transparent 60%),\r\n                 radial-gradient(800px 400px at -10% 80%, rgba(0,212,255,.12), transparent 60%),\r\n                 var(--bg);\r\n      line-height:1.6;\r\n    }\r\n    a{ color:var(--link); text-decoration:underline; text-decoration-thickness:2px; text-underline-offset:3px }\r\n    a:hover{ opacity:.95 }\r\n\r\n    .wrap{ max-width:960px; margin: clamp(16px, 4vw, 48px) auto; padding: 24px }\r\n\r\n    .brand{ display:flex; align-items:center; gap:14px; margin-bottom:22px }\r\n    .logo{ width:42px; height:42px; border-radius:12px; background:\r\n        conic-gradient(from 200deg, var(--accent1), var(--accent2), var(--accent4), var(--accent1));\r\n      box-shadow: 0 8px 20px rgba(124,92,255,.35), inset 0 0 18px rgba(255,255,255,.08);\r\n    }\r\n    .brand h1{ font-size: clamp(24px, 3.1vw, 36px); margin:0; font-weight:800; letter-spacing:.2px; color:#ffffff; }\r\n\r\n    .card{ background:linear-gradient(180deg, rgba(255,255,255,.02), rgba(255,255,255,0)) , var(--panel);\r\n      border:1px solid var(--border); border-radius: var(--radius);\r\n      box-shadow: var(--shadow); overflow:hidden }\r\n    .header{ padding: 22px 24px; border-bottom:1px solid var(--border);\r\n      background: linear-gradient(90deg, rgba(124,92,255,.12), rgba(0,212,255,.12)); }\r\n    .header h2{ margin:0; font-size: clamp(20px, 2.2vw, 28px); color:#ffffff; }\r\n\r\n    .content{ padding: 26px }\r\n    .intro{ color:var(--muted); margin-top:0 }\r\n\r\n    .section{ margin: 22px 0 }\r\n    .section h3{\r\n      margin:0 0 8px; font-size: clamp(18px, 2vw, 22px); font-weight:700;\r\n      background: linear-gradient(90deg, var(--accent2), var(--accent1), var(--accent4));\r\n      -webkit-background-clip: text; background-clip: text; color: transparent;\r\n    }\r\n    .section p{ margin:0 }\r\n    .list{ padding-left: 18px; margin:10px 0 }\r\n\r\n    \/* CTA removed *\/\r\n    .cta{ display:none !important; }\r\n\r\n    \/* Footer removed *\/\r\n    .footer{ display:none !important; }\r\n\r\n  <\/style>\r\n<\/head>\r\n<body>\r\n  <main class=\"wrap\" role=\"main\">\r\n    <div class=\"brand\" aria-label=\"PLRFast brand\">\r\n      <div class=\"logo\" aria-hidden=\"true\"><\/div>\r\n      <h1>PLRFast \u2013 Isen\u00e7\u00e3o de responsabilidade<\/h1>\r\n    <\/div>\r\n\r\n    <article class=\"card\" aria-labelledby=\"disclaimer-title\">\r\n      <header class=\"header\">\r\n        <h2 id=\"disclaimer-title\">Por favor, leia este aviso com aten\u00e7\u00e3o antes de usar nosso site.<\/h2>\r\n      <\/header>\r\n\r\n      <div class=\"content\">\r\n        <p class=\"intro translation-block\">Ao acessar e utilizar este site, voc\u00ea concorda com os termos deste aviso legal. Se voc\u00ea n\u00e3o concorda com alguma parte dele, por favor n\u00e3o utilize nosso site.<\/p>\r\n\r\n        <section class=\"section\" id=\"no-professional-advice\">\r\n          <h3>1. Nenhum aconselhamento profissional<\/h3>\r\n          <p class=\"translation-block\">O conte\u00fado e os produtos fornecidos pela PLRFast s\u00e3o apenas para fins informativos e educacionais. Nada neste site deve ser considerado aconselhamento profissional, jur\u00eddico, financeiro ou m\u00e9dico. Sempre consulte um especialista qualificado antes de tomar decis\u00f5es com base em qualquer informa\u00e7\u00e3o fornecida.<\/p>\r\n        <\/section>\r\n\r\n        <section class=\"section\" id=\"digital-product-usage\">\r\n          <h3>2. Uso de produtos digitais<\/h3>\r\n          <p>Todos os produtos digitais vendidos neste site v\u00eam com direitos de uso claramente declarados (por exemplo, direitos de marca pr\u00f3pria, direitos de revenda, uso pessoal). \u00c9 responsabilidade do comprador:<\/p>\r\n          <ul class=\"list\">\r\n            <li>Leia e compreenda os termos da licen\u00e7a;<\/li>\r\n            <li>Utilize o produto dentro dos direitos permitidos; e<\/li>\r\n            <li>Garantir a conformidade com as leis aplic\u00e1veis.<\/li>\r\n          <\/ul>\r\n          <p>N\u00e3o somos respons\u00e1veis \u200b\u200bpela forma como voc\u00ea usa o conte\u00fado ou quaisquer consequ\u00eancias decorrentes do uso indevido ou viola\u00e7\u00e3o dos termos da licen\u00e7a.<\/p>\r\n        <\/section>\r\n\r\n        <section class=\"section\" id=\"affiliate-disclaimer\">\r\n          <h3>3. Isen\u00e7\u00e3o de responsabilidade do afiliado<\/h3>\r\n          <p>Alguns links em nosso site podem ser links afiliados, o que significa que podemos ganhar uma comiss\u00e3o se voc\u00ea clicar e fizer uma compra \u2013 sem nenhum custo adicional para voc\u00ea. Promovemos apenas produtos que acreditamos oferecer valor aos nossos clientes.<\/p>\r\n        <\/section>\r\n\r\n        <section class=\"section\" id=\"accuracy-of-information\">\r\n          <h3>4. Precisi\u00f3n de la informaci\u00f3n<\/h3>\r\n          <p>Embora nos esforcemos para manter o conte\u00fado do nosso site preciso e atualizado, n\u00e3o oferecemos garantias quanto \u00e0 integridade, exatid\u00e3o ou confiabilidade de qualquer informa\u00e7\u00e3o ou listagem de produtos.<\/p>\r\n        <\/section>\r\n\r\n        <section class=\"section\" id=\"limitation-of-liability\">\r\n          <h3>5. Limita\u00e7\u00e3o de Responsabilidade<\/h3>\r\n          <p class=\"translation-block\">Sob nenhuma circunst\u00e2ncia a PLRFast, seus propriet\u00e1rios ou suas afiliadas ser\u00e3o respons\u00e1veis \u200b\u200bpor quaisquer danos diretos, indiretos, incidentais ou consequenciais resultantes do uso de nosso site, produtos ou servi\u00e7os.<\/p>\r\n        <\/section>\r\n\r\n        <section class=\"section\" id=\"external-links\">\r\n          <h3>6. Links externos<\/h3>\r\n          <p>Nosso site pode conter links para sites externos. N\u00e3o somos respons\u00e1veis \u200b\u200bpelo conte\u00fado, pr\u00e1ticas de privacidade ou pol\u00edticas desses terceiros<\/p>\r\n        <\/section>\r\n\r\n        <section class=\"section\" id=\"contact\">\r\n          <h3>7. Contato<\/h3>\r\n          <p>Se voc\u00ea tiver alguma d\u00favida sobre esta isen\u00e7\u00e3o de responsabilidade, entre em contato conosco:<br>\r\n       \r\n            \ud83c\udf10 <a href=\"https:\/\/plr.raqmiy.com\/pt\/contacts\/\" rel=\"noopener\">https:\/\/plr.raqmiy.com\/contacts\/<\/a>\r\n          <\/p>\r\n        <\/section>\r\n      <\/div>\r\n\r\n    <\/article>\r\n  <\/main>\r\n\r\n<\/body>\r\n<\/html>\r\n\t\t\t\t<\/div>\n\t\t\t\t<\/div>\n\t\t\t\t<\/div>\n\t\t\t\t<\/div>","protected":false},"excerpt":{"rendered":"<p>Disclaimer \u2022 PLRFast PLRFast \u2014 Disclaimer Please read this disclaimer carefully before using our website. By accessing and using this website, you agree to the terms of this disclaimer. If you do not agree with any part of it, please do not use our website. 1. No Professional Advice The content and products provided by [&hellip;]<\/p>\n","protected":false},"author":1,"featured_media":0,"parent":0,"menu_order":0,"comment_status":"closed","ping_status":"closed","template":"elementor_header_footer","meta":{"footnotes":""},"class_list":["post-782","page","type-page","status-publish","hentry"],"_links":{"self":[{"href":"https:\/\/plr.raqmiy.com\/pt\/wp-json\/wp\/v2\/pages\/782","targetHints":{"allow":["GET"]}}],"collection":[{"href":"https:\/\/plr.raqmiy.com\/pt\/wp-json\/wp\/v2\/pages"}],"about":[{"href":"https:\/\/plr.raqmiy.com\/pt\/wp-json\/wp\/v2\/types\/page"}],"author":[{"embeddable":true,"href":"https:\/\/plr.raqmiy.com\/pt\/wp-json\/wp\/v2\/users\/1"}],"replies":[{"embeddable":true,"href":"https:\/\/plr.raqmiy.com\/pt\/wp-json\/wp\/v2\/comments?post=782"}],"version-history":[{"count":53,"href":"https:\/\/plr.raqmiy.com\/pt\/wp-json\/wp\/v2\/pages\/782\/revisions"}],"predecessor-version":[{"id":18347,"href":"https:\/\/plr.raqmiy.com\/pt\/wp-json\/wp\/v2\/pages\/782\/revisions\/18347"}],"wp:attachment":[{"href":"https:\/\/plr.raqmiy.com\/pt\/wp-json\/wp\/v2\/media?parent=782"}],"curies":[{"name":"wp","href":"https:\/\/api.w.org\/{rel}","templated":true}]}}